{"id":5633,"date":"2020-08-12T17:55:07","date_gmt":"2020-08-12T17:55:07","guid":{"rendered":"https:\/\/dms.hallco.org\/web\/?page_id=5633"},"modified":"2023-07-26T17:06:08","modified_gmt":"2023-07-26T17:06:08","slug":"free-reduced-meals","status":"publish","type":"page","link":"https:\/\/dms.hallco.org\/web\/free-reduced-meals\/","title":{"rendered":"Free\/Reduced Meals"},"content":{"rendered":"\n<style type=\"text\/css\" data-created_by=\"avia_inline_auto\" id=\"style-css-av-kdrrl2nu-4caade0225fe05fc130f399a8b1dff3b\">\n#top .av-special-heading.av-kdrrl2nu-4caade0225fe05fc130f399a8b1dff3b{\npadding-bottom:10px;\n}\nbody .av-special-heading.av-kdrrl2nu-4caade0225fe05fc130f399a8b1dff3b .av-special-heading-tag .heading-char{\nfont-size:25px;\n}\n.av-special-heading.av-kdrrl2nu-4caade0225fe05fc130f399a8b1dff3b .av-subheading{\nfont-size:15px;\n}\n<\/style>\n<div  class='av-special-heading av-kdrrl2nu-4caade0225fe05fc130f399a8b1dff3b av-special-heading-h3  avia-builder-el-0  el_before_av_textblock  avia-builder-el-first '><h3 class='av-special-heading-tag '  itemprop=\"headline\"  >Free\/Reduced Meals<\/h3><div class=\"special-heading-border\"><div class=\"special-heading-inner-border\"><\/div><\/div><\/div>\n<section  class='av_textblock_section av-kdro9blm-0fa10058c82511a0bba13c49fc4d8376 '   itemscope=\"itemscope\" itemtype=\"https:\/\/schema.org\/CreativeWork\" ><div class='avia_textblock'  itemprop=\"text\" ><p><span style=\"font-family: georgia, palatino, serif;\">Hall County School Nutrition is now accepting online applications for Free or Reduced price meals for this upcoming school year. The link to apply is below. You are required to reapply every year in order to receive meal benefits. If you fill out an online application, you are not required to fill out the paper application.<\/span><\/p>\n<p><span style=\"font-family: georgia, palatino, serif;\"><a href=\"https:\/\/schoolmeals.hallco.org\/\" target=\"_blank\" rel=\"noopener noreferrer\">https:\/\/schoolmeals.hallco.org\/<\/a><\/span><\/p>\n<p><span style=\"font-family: georgia, palatino, serif;\">If you have questions, please contact <strong>Valerie English<\/strong> at\u00a0<strong>770-534-1080 ext 10223<\/strong> or <a href=\"mailto:valerie.english@hallco.org\">valerie.english@hallco.org<\/a>.<\/span><\/p>\n<hr \/>\n<p><span style=\"font-family: georgia, palatino, serif;\">El Programa de Nutrici\u00f3n Escolar del Condado de Hall ahora est\u00e1 aceptando solicitudes en l\u00ednea para comidas gratis o a precio reducido para este pr\u00f3ximo a\u00f1o escolar. El enlace para aplicar est\u00e1 abajo. Se requiere que vuelva a aplicar cada a\u00f1o para recibir los beneficios de comidas. Si completa una solicitud en l\u00ednea, no es necesario que complete la solicitud en papel.<\/span><\/p>\n<p><span style=\"font-family: georgia, palatino, serif;\"><a href=\"https:\/\/schoolmeals.hallco.org\/\" target=\"_blank\" rel=\"noopener noreferrer\">https:\/\/schoolmeals.hallco.org\/<\/a><\/span><\/p>\n<p><span style=\"font-family: georgia, palatino, serif;\">Si tiene alguna pregunta, por favor contacte a <strong>Valerie English<\/strong> por correo electr\u00f3nico <a href=\"mailto:valerie.english@hallco.org\">valerie.english@hallco.org<\/a> o tel\u00e9fono al <strong>770-534-1080 extensi\u00f3n<\/strong> <strong>10223<\/strong>.<\/span><\/p>\n<\/div><\/section>\n<div  class='flex_column av-418tdd-af64c0a4a70e65c933a53c10ddbec1e5 av_one_half  avia-builder-el-2  el_after_av_textblock  el_before_av_one_half  first flex_column_div  column-top-margin'     ><style type=\"text\/css\" data-created_by=\"avia_inline_auto\" id=\"style-css-av-lkjz58yx-cfc6a6290d85f4aaddfe2e65df326e39\">\n.avia-image-container.av-lkjz58yx-cfc6a6290d85f4aaddfe2e65df326e39 img.avia_image{\nbox-shadow:none;\n}\n.avia-image-container.av-lkjz58yx-cfc6a6290d85f4aaddfe2e65df326e39 .av-image-caption-overlay-center{\ncolor:#ffffff;\n}\n<\/style>\n<div  class='avia-image-container av-lkjz58yx-cfc6a6290d85f4aaddfe2e65df326e39 av-styling- avia-align-center  avia-builder-el-3  avia-builder-el-no-sibling '   itemprop=\"image\" itemscope=\"itemscope\" itemtype=\"https:\/\/schema.org\/ImageObject\" ><div class=\"avia-image-container-inner\"><div class=\"avia-image-overlay-wrap\"><img decoding=\"async\" fetchpriority=\"high\" class='wp-image-7300 avia-img-lazy-loading-not-7300 avia_image ' src=\"https:\/\/dms.hallco.org\/web\/wp-content\/uploads\/2023\/07\/2.png\" alt='' title='2'  height=\"1080\" width=\"1080\"  itemprop=\"thumbnailUrl\" srcset=\"https:\/\/dms.hallco.org\/web\/wp-content\/uploads\/2023\/07\/2.png 1080w, https:\/\/dms.hallco.org\/web\/wp-content\/uploads\/2023\/07\/2-300x300.png 300w, https:\/\/dms.hallco.org\/web\/wp-content\/uploads\/2023\/07\/2-1030x1030.png 1030w, https:\/\/dms.hallco.org\/web\/wp-content\/uploads\/2023\/07\/2-80x80.png 80w, https:\/\/dms.hallco.org\/web\/wp-content\/uploads\/2023\/07\/2-768x768.png 768w, https:\/\/dms.hallco.org\/web\/wp-content\/uploads\/2023\/07\/2-36x36.png 36w, https:\/\/dms.hallco.org\/web\/wp-content\/uploads\/2023\/07\/2-180x180.png 180w, https:\/\/dms.hallco.org\/web\/wp-content\/uploads\/2023\/07\/2-705x705.png 705w\" sizes=\"(max-width: 1080px) 100vw, 1080px\" \/><\/div><\/div><\/div><\/div>\n<div  class='flex_column av-28ehvl-7bdb6463e898a2541164524b8cdc71a1 av_one_half  avia-builder-el-4  el_after_av_one_half  avia-builder-el-last  flex_column_div  column-top-margin'     ><style type=\"text\/css\" data-created_by=\"avia_inline_auto\" id=\"style-css-av-lkjz5ngk-a617a0358105d29fedd18217b1dff00f\">\n.avia-image-container.av-lkjz5ngk-a617a0358105d29fedd18217b1dff00f img.avia_image{\nbox-shadow:none;\n}\n.avia-image-container.av-lkjz5ngk-a617a0358105d29fedd18217b1dff00f .av-image-caption-overlay-center{\ncolor:#ffffff;\n}\n<\/style>\n<div  class='avia-image-container av-lkjz5ngk-a617a0358105d29fedd18217b1dff00f av-styling- avia-align-center  avia-builder-el-5  avia-builder-el-no-sibling '   itemprop=\"image\" itemscope=\"itemscope\" itemtype=\"https:\/\/schema.org\/ImageObject\" ><div class=\"avia-image-container-inner\"><div class=\"avia-image-overlay-wrap\"><img decoding=\"async\" fetchpriority=\"high\" class='wp-image-7301 avia-img-lazy-loading-not-7301 avia_image ' src=\"https:\/\/dms.hallco.org\/web\/wp-content\/uploads\/2023\/07\/1.png\" alt='' title='1'  height=\"1080\" width=\"1080\"  itemprop=\"thumbnailUrl\" srcset=\"https:\/\/dms.hallco.org\/web\/wp-content\/uploads\/2023\/07\/1.png 1080w, https:\/\/dms.hallco.org\/web\/wp-content\/uploads\/2023\/07\/1-300x300.png 300w, https:\/\/dms.hallco.org\/web\/wp-content\/uploads\/2023\/07\/1-1030x1030.png 1030w, https:\/\/dms.hallco.org\/web\/wp-content\/uploads\/2023\/07\/1-80x80.png 80w, https:\/\/dms.hallco.org\/web\/wp-content\/uploads\/2023\/07\/1-768x768.png 768w, https:\/\/dms.hallco.org\/web\/wp-content\/uploads\/2023\/07\/1-36x36.png 36w, https:\/\/dms.hallco.org\/web\/wp-content\/uploads\/2023\/07\/1-180x180.png 180w, https:\/\/dms.hallco.org\/web\/wp-content\/uploads\/2023\/07\/1-705x705.png 705w\" sizes=\"(max-width: 1080px) 100vw, 1080px\" \/><\/div><\/div><\/div><\/div>\n","protected":false},"excerpt":{"rendered":"","protected":false},"author":13,"featured_media":0,"parent":0,"menu_order":0,"comment_status":"closed","ping_status":"closed","template":"","meta":{"_monsterinsights_skip_tracking":false,"_monsterinsights_sitenote_active":false,"_monsterinsights_sitenote_note":"","_monsterinsights_sitenote_category":0,"footnotes":""},"class_list":["post-5633","page","type-page","status-publish","hentry"],"yoast_head":"<!-- This site is optimized with the Yoast SEO plugin v27.4 - https:\/\/yoast.com\/product\/yoast-seo-wordpress\/ -->\n<title>Free\/Reduced Meals - Davis Middle School<\/title>\n<meta name=\"robots\" content=\"index, follow, max-snippet:-1, max-image-preview:large, max-video-preview:-1\" \/>\n<link rel=\"canonical\" href=\"https:\/\/dms.hallco.org\/web\/free-reduced-meals\/\" \/>\n<meta property=\"og:locale\" content=\"en_US\" \/>\n<meta property=\"og:type\" content=\"article\" \/>\n<meta property=\"og:title\" content=\"Free\/Reduced Meals - Davis Middle School\" \/>\n<meta property=\"og:url\" content=\"https:\/\/dms.hallco.org\/web\/free-reduced-meals\/\" \/>\n<meta property=\"og:site_name\" content=\"Davis Middle School\" \/>\n<meta property=\"article:modified_time\" content=\"2023-07-26T17:06:08+00:00\" \/>\n<meta name=\"twitter:card\" content=\"summary_large_image\" \/>\n<meta name=\"twitter:label1\" content=\"Est. reading time\" \/>\n\t<meta name=\"twitter:data1\" content=\"3 minutes\" \/>\n<script type=\"application\/ld+json\" class=\"yoast-schema-graph\">{\"@context\":\"https:\\\/\\\/schema.org\",\"@graph\":[{\"@type\":\"WebPage\",\"@id\":\"https:\\\/\\\/dms.hallco.org\\\/web\\\/free-reduced-meals\\\/\",\"url\":\"https:\\\/\\\/dms.hallco.org\\\/web\\\/free-reduced-meals\\\/\",\"name\":\"Free\\\/Reduced Meals - Davis Middle School\",\"isPartOf\":{\"@id\":\"https:\\\/\\\/dms.hallco.org\\\/web\\\/#website\"},\"datePublished\":\"2020-08-12T17:55:07+00:00\",\"dateModified\":\"2023-07-26T17:06:08+00:00\",\"breadcrumb\":{\"@id\":\"https:\\\/\\\/dms.hallco.org\\\/web\\\/free-reduced-meals\\\/#breadcrumb\"},\"inLanguage\":\"en-US\",\"potentialAction\":[{\"@type\":\"ReadAction\",\"target\":[\"https:\\\/\\\/dms.hallco.org\\\/web\\\/free-reduced-meals\\\/\"]}]},{\"@type\":\"BreadcrumbList\",\"@id\":\"https:\\\/\\\/dms.hallco.org\\\/web\\\/free-reduced-meals\\\/#breadcrumb\",\"itemListElement\":[{\"@type\":\"ListItem\",\"position\":1,\"name\":\"Home\",\"item\":\"https:\\\/\\\/dms.hallco.org\\\/web\\\/welcome\\\/\"},{\"@type\":\"ListItem\",\"position\":2,\"name\":\"Free\\\/Reduced Meals\"}]},{\"@type\":\"WebSite\",\"@id\":\"https:\\\/\\\/dms.hallco.org\\\/web\\\/#website\",\"url\":\"https:\\\/\\\/dms.hallco.org\\\/web\\\/\",\"name\":\"Davis Middle School\",\"description\":\"Davis Middle School\",\"potentialAction\":[{\"@type\":\"SearchAction\",\"target\":{\"@type\":\"EntryPoint\",\"urlTemplate\":\"https:\\\/\\\/dms.hallco.org\\\/web\\\/?s={search_term_string}\"},\"query-input\":{\"@type\":\"PropertyValueSpecification\",\"valueRequired\":true,\"valueName\":\"search_term_string\"}}],\"inLanguage\":\"en-US\"}]}<\/script>\n<!-- \/ Yoast SEO plugin. -->","yoast_head_json":{"title":"Free\/Reduced Meals - Davis Middle School","robots":{"index":"index","follow":"follow","max-snippet":"max-snippet:-1","max-image-preview":"max-image-preview:large","max-video-preview":"max-video-preview:-1"},"canonical":"https:\/\/dms.hallco.org\/web\/free-reduced-meals\/","og_locale":"en_US","og_type":"article","og_title":"Free\/Reduced Meals - Davis Middle School","og_url":"https:\/\/dms.hallco.org\/web\/free-reduced-meals\/","og_site_name":"Davis Middle School","article_modified_time":"2023-07-26T17:06:08+00:00","twitter_card":"summary_large_image","twitter_misc":{"Est. reading time":"3 minutes"},"schema":{"@context":"https:\/\/schema.org","@graph":[{"@type":"WebPage","@id":"https:\/\/dms.hallco.org\/web\/free-reduced-meals\/","url":"https:\/\/dms.hallco.org\/web\/free-reduced-meals\/","name":"Free\/Reduced Meals - Davis Middle School","isPartOf":{"@id":"https:\/\/dms.hallco.org\/web\/#website"},"datePublished":"2020-08-12T17:55:07+00:00","dateModified":"2023-07-26T17:06:08+00:00","breadcrumb":{"@id":"https:\/\/dms.hallco.org\/web\/free-reduced-meals\/#breadcrumb"},"inLanguage":"en-US","potentialAction":[{"@type":"ReadAction","target":["https:\/\/dms.hallco.org\/web\/free-reduced-meals\/"]}]},{"@type":"BreadcrumbList","@id":"https:\/\/dms.hallco.org\/web\/free-reduced-meals\/#breadcrumb","itemListElement":[{"@type":"ListItem","position":1,"name":"Home","item":"https:\/\/dms.hallco.org\/web\/welcome\/"},{"@type":"ListItem","position":2,"name":"Free\/Reduced Meals"}]},{"@type":"WebSite","@id":"https:\/\/dms.hallco.org\/web\/#website","url":"https:\/\/dms.hallco.org\/web\/","name":"Davis Middle School","description":"Davis Middle School","potentialAction":[{"@type":"SearchAction","target":{"@type":"EntryPoint","urlTemplate":"https:\/\/dms.hallco.org\/web\/?s={search_term_string}"},"query-input":{"@type":"PropertyValueSpecification","valueRequired":true,"valueName":"search_term_string"}}],"inLanguage":"en-US"}]}},"_links":{"self":[{"href":"https:\/\/dms.hallco.org\/web\/wp-json\/wp\/v2\/pages\/5633","targetHints":{"allow":["GET"]}}],"collection":[{"href":"https:\/\/dms.hallco.org\/web\/wp-json\/wp\/v2\/pages"}],"about":[{"href":"https:\/\/dms.hallco.org\/web\/wp-json\/wp\/v2\/types\/page"}],"author":[{"embeddable":true,"href":"https:\/\/dms.hallco.org\/web\/wp-json\/wp\/v2\/users\/13"}],"replies":[{"embeddable":true,"href":"https:\/\/dms.hallco.org\/web\/wp-json\/wp\/v2\/comments?post=5633"}],"version-history":[{"count":1,"href":"https:\/\/dms.hallco.org\/web\/wp-json\/wp\/v2\/pages\/5633\/revisions"}],"predecessor-version":[{"id":7803,"href":"https:\/\/dms.hallco.org\/web\/wp-json\/wp\/v2\/pages\/5633\/revisions\/7803"}],"wp:attachment":[{"href":"https:\/\/dms.hallco.org\/web\/wp-json\/wp\/v2\/media?parent=5633"}],"curies":[{"name":"wp","href":"https:\/\/api.w.org\/{rel}","templated":true}]}}